{"id":59,"date":"2026-03-07T18:24:57","date_gmt":"2026-03-07T17:24:57","guid":{"rendered":"https:\/\/serwer427185.lh.pl\/autoinstalator\/serwer427185.lh.pl\/wordpress154151\/index.php\/contact\/"},"modified":"2026-03-07T18:25:08","modified_gmt":"2026-03-07T17:25:08","slug":"contact","status":"publish","type":"page","link":"https:\/\/renoparkiet.pl\/blog\/contact\/","title":{"rendered":"Contact"},"content":{"rendered":"\n<div class=\"wp-block-uagb-container uagb-block-0a85e642 alignfull uagb-is-root-container\"><div class=\"uagb-container-inner-blocks-wrap\">\n<div class=\"wp-block-uagb-advanced-heading uagb-block-b70dfedf\"><h1 class=\"uagb-heading-text\">Skontaktuj si\u0119<\/h1><p class=\"uagb-desc-text\">Jeste\u015bmy tutaj, aby odpowiedzie\u0107 na Twoje pytania dotycz\u0105ce renowacji pod\u0142\u00f3g. Skontaktuj si\u0119 z nami, a z przyjemno\u015bci\u0105 pomo\u017cemy Ci w ka\u017cdej sprawie.<\/p><\/div>\n<\/div><\/div>\n\n\n\n<div class=\"wp-block-uagb-container uagb-block-e5a12a14 alignfull uagb-is-root-container\"><div class=\"uagb-container-inner-blocks-wrap\">\n<div class=\"wp-block-uagb-container uagb-block-a66eb3ea\">\n<div class=\"wp-block-uagb-container uagb-block-c4ddcce7\">\n<div class=\"wp-block-uagb-advanced-heading uagb-block-6337872c\"><h2 class=\"uagb-heading-text\">Dane Kontaktowe<\/h2><p class=\"uagb-desc-text\">Skontaktuj si\u0119 z nami ju\u017c dzi\u015b!<\/p><\/div>\n\n\n<p>[sureforms id=&#8217;519&#8242;]<\/p>\n<\/div>\n\n\n\n<div class=\"wp-block-uagb-image aligncenter uagb-block-e7db1291 wp-block-uagb-image--layout-default wp-block-uagb-image--effect-static wp-block-uagb-image--align-center alignright\"><figure class=\"wp-block-uagb-image__figure\"><img decoding=\"async\" srcset=\"https:\/\/serwer427185.lh.pl\/autoinstalator\/serwer427185.lh.pl\/wordpress154151\/wp-content\/uploads\/2026\/03\/pexels-photo-230776.jpeg ,https:\/\/serwer427185.lh.pl\/autoinstalator\/serwer427185.lh.pl\/wordpress154151\/wp-content\/uploads\/2026\/03\/pexels-photo-230776.jpeg 780w, https:\/\/serwer427185.lh.pl\/autoinstalator\/serwer427185.lh.pl\/wordpress154151\/wp-content\/uploads\/2026\/03\/pexels-photo-230776.jpeg 360w\" sizes=\"auto, (max-width: 480px) 150px\" src=\"https:\/\/serwer427185.lh.pl\/autoinstalator\/serwer427185.lh.pl\/wordpress154151\/wp-content\/uploads\/2026\/03\/pexels-photo-230776.jpeg\" alt=\"Close-up of a rustic wooden texture with detailed grain patterns, perfect for backgrounds.\" class=\"uag-image-22\" width=\"560\" height=\"655\" title=\"get-in-touch\" loading=\"lazy\" role=\"img\"\/><\/figure><\/div>\n<\/div>\n\n\n\n<div class=\"wp-block-uagb-container uagb-block-0f36eee2 alignfull uagb-is-root-container\"><div class=\"uagb-container-inner-blocks-wrap\">\n<div class=\"wp-block-uagb-container uagb-block-0426a0ad\">\n<div class=\"wp-block-uagb-info-box uagb-block-e489520f uagb-infobox__content-wrap  uagb-infobox-icon-above-title uagb-infobox-image-valign-top\"><div class=\"uagb-ifb-content\"><div class=\"uagb-ifb-icon-wrap\"><svg xmlns=\"https:\/\/www.w3.org\/2000\/svg\" viewBox=\"0 0 512 512\"><path d=\"M464 64C490.5 64 512 85.49 512 112C512 127.1 504.9 141.3 492.8 150.4L275.2 313.6C263.8 322.1 248.2 322.1 236.8 313.6L19.2 150.4C7.113 141.3 0 127.1 0 112C0 85.49 21.49 64 48 64H464zM217.6 339.2C240.4 356.3 271.6 356.3 294.4 339.2L512 176V384C512 419.3 483.3 448 448 448H64C28.65 448 0 419.3 0 384V176L217.6 339.2z\"><\/path><\/svg><\/div><div class=\"uagb-ifb-title-wrap\"><h3 class=\"uagb-ifb-title\">E-mail<\/h3><\/div><p class=\"uagb-ifb-desc\">Wy\u015blij nam e-mail, a my skontaktujemy si\u0119 z Tob\u0105 najszybciej jak to mo\u017cliwe.<\/p><\/div><\/div>\n\n\n\n<div class=\"wp-block-uagb-advanced-heading uagb-block-6165617c\"><p class=\"uagb-desc-text\">kontakt@renoparkiet.pl<\/p><\/div>\n<\/div>\n\n\n\n<div class=\"wp-block-uagb-container uagb-block-e8c44eab\">\n<div class=\"wp-block-uagb-info-box uagb-block-48339e41 uagb-infobox__content-wrap  uagb-infobox-icon-above-title uagb-infobox-image-valign-top\"><div class=\"uagb-ifb-content\"><div class=\"uagb-ifb-icon-wrap\"><svg xmlns=\"https:\/\/www.w3.org\/2000\/svg\" viewBox=\"0 0 512 512\"><path d=\"M511.2 387l-23.25 100.8c-3.266 14.25-15.79 24.22-30.46 24.22C205.2 512 0 306.8 0 54.5c0-14.66 9.969-27.2 24.22-30.45l100.8-23.25C139.7-2.602 154.7 5.018 160.8 18.92l46.52 108.5c5.438 12.78 1.77 27.67-8.98 36.45L144.5 207.1c33.98 69.22 90.26 125.5 159.5 159.5l44.08-53.8c8.688-10.78 23.69-14.51 36.47-8.975l108.5 46.51C506.1 357.2 514.6 372.4 511.2 387z\"><\/path><\/svg><\/div><div class=\"uagb-ifb-title-wrap\"><h3 class=\"uagb-ifb-title\">Telefon<\/h3><\/div><p class=\"uagb-ifb-desc\">Zadzwo\u0144 do nas w godzinach pracy, aby porozmawia\u0107 z naszym zespo\u0142em.<\/p><\/div><\/div>\n\n\n\n<div class=\"wp-block-uagb-advanced-heading uagb-block-5248e340\"><p class=\"uagb-desc-text\">799064766<\/p><\/div>\n<\/div>\n\n\n\n<div class=\"wp-block-uagb-container uagb-block-10a67ad5\">\n<div class=\"wp-block-uagb-info-box uagb-block-1813435e uagb-infobox__content-wrap  uagb-infobox-icon-above-title uagb-infobox-image-valign-top\"><div class=\"uagb-ifb-content\"><div class=\"uagb-ifb-icon-wrap\"><svg xmlns=\"https:\/\/www.w3.org\/2000\/svg\" viewBox=\"0 0 384 512\"><path d=\"M168.3 499.2C116.1 435 0 279.4 0 192C0 85.96 85.96 0 192 0C298 0 384 85.96 384 192C384 279.4 267 435 215.7 499.2C203.4 514.5 180.6 514.5 168.3 499.2H168.3zM192 256C227.3 256 256 227.3 256 192C256 156.7 227.3 128 192 128C156.7 128 128 156.7 128 192C128 227.3 156.7 256 192 256z\"><\/path><\/svg><\/div><div class=\"uagb-ifb-title-wrap\"><h3 class=\"uagb-ifb-title\">Biuro<\/h3><\/div><p class=\"uagb-ifb-desc\">Odwied\u017a nasze biuro na konsultacj\u0119 lub aby om\u00f3wi\u0107 swoje cele fitness.<\/p><\/div><\/div>\n\n\n\n<div class=\"wp-block-uagb-advanced-heading uagb-block-6db42932\"><p class=\"uagb-desc-text\">ul. Obodrzyc\u00f3w 51a, 81-812 Sopot<\/p><\/div>\n<\/div>\n<\/div><\/div>\n<\/div><\/div>\n\n\n\n<div class=\"wp-block-uagb-container uagb-block-140d6cba alignfull uagb-is-root-container\">\t\t\t<div \n\t\t\tclass=\"wp-block-uagb-google-map uagb-google-map__wrap uagb-block-c2bf7f47     \"\n\t\t\tstyle=\"\" >\n\t\t\t\t<embed\n\t\t\t\t\tclass=\"uagb-google-map__iframe\"\n\t\t\t\t\ttitle=\"Mapa Google dla \"\n\t\t\t\t\tsrc=\"https:\/\/maps.google.com\/maps?q=ul.%20Obodrzyc%C3%B3w%2051a%2C%2081-812%20Sopot&#038;z=12&#038;hl=en&#038;t=m&#038;output=embed&#038;iwloc=near\"\n\t\t\t\t\twidth=\"640\"\n\t\t\t\t\theight=\"450\"\n\t\t\t\t\tloading=\"lazy\"\n\t\t\t\t><\/embed>\n\t\t\t<\/div>\n\t\t\t<\/div>\n\n\n\n<div class=\"wp-block-uagb-container uagb-block-4102335a alignfull uagb-is-root-container\"><div class=\"uagb-container-inner-blocks-wrap\">\n<div class=\"wp-block-uagb-advanced-heading uagb-block-c5a52038\"><h2 class=\"uagb-heading-text\">Nie czekaj na pi\u0119kne pod\u0142ogi!<\/h2><\/div>\n\n\n\n<div class=\"wp-block-uagb-info-box uagb-block-027539ea uagb-infobox__content-wrap  uagb-infobox-icon-above-title uagb-infobox-image-valign-top\"><div class=\"uagb-ifb-content\"><div class=\"uagb-ifb-title-wrap\"><\/div><p class=\"uagb-ifb-desc\">Skontaktuj si\u0119 z nami dzisiaj i odkryj, jak mo\u017cemy przywr\u00f3ci\u0107 \u017cycie Twoim parkietom.<\/p><div class=\"uagb-ifb-button-wrapper wp-block-button\"><a href=\"\/contact\/\" class=\"uagb-infobox-cta-link wp-block-button__link\" target=\"_self\" rel=\"noopener noreferrer\" onclick=\"return true;\" alt=\"\"><span class=\"uagb-inline-editing\">Skontaktuj si\u0119 z nami<\/span><\/a><\/div><\/div><\/div>\n<\/div><\/div>\n","protected":false},"excerpt":{"rendered":"<p>Skontaktuj si\u0119 Jeste\u015bmy tutaj, aby odpowiedzie\u0107 na Twoje pytania dotycz\u0105ce renowacji pod\u0142\u00f3g. Skontaktuj si\u0119 z nami, a z przyjemno\u015bci\u0105 pomo\u017cemy [&hellip;]<\/p>\n","protected":false},"author":1,"featured_media":0,"parent":0,"menu_order":0,"comment_status":"closed","ping_status":"closed","template":"","meta":{"_uag_custom_page_level_css":"","site-sidebar-layout":"no-sidebar","site-content-layout":"","ast-site-content-layout":"normal-width-container","site-content-style":"default","site-sidebar-style":"default","ast-global-header-display":"","ast-banner-title-visibility":"","ast-main-header-display":"","ast-hfb-above-header-display":"","ast-hfb-below-header-display":"","ast-hfb-mobile-header-display":"","site-post-title":"disabled","ast-breadcrumbs-content":"","ast-featured-img":"","footer-sml-layout":"","ast-disable-related-posts":"","theme-transparent-header-meta":"enabled","adv-header-id-meta":"","stick-header-meta":"","header-above-stick-meta":"","header-main-stick-meta":"","header-below-stick-meta":"","astra-migrate-meta-layouts":"default","ast-page-background-enabled":"default","ast-page-background-meta":{"desktop":{"background-color":"var(--ast-global-color-4)","background-image":"","background-repeat":"repeat","background-position":"center center","background-size":"auto","background-attachment":"scroll","background-type":"","background-media":"","overlay-type":"","overlay-color":"","overlay-opacity":"","overlay-gradient":""},"tablet":{"background-color":"","background-image":"","background-repeat":"repeat","background-position":"center center","background-size":"auto","background-attachment":"scroll","background-type":"","background-media":"","overlay-type":"","overlay-color":"","overlay-opacity":"","overlay-gradient":""},"mobile":{"background-color":"","background-image":"","background-repeat":"repeat","background-position":"center center","background-size":"auto","background-attachment":"scroll","background-type":"","background-media":"","overlay-type":"","overlay-color":"","overlay-opacity":"","overlay-gradient":""}},"ast-content-background-meta":{"desktop":{"background-color":"var(--ast-global-color-5)","background-image":"","background-repeat":"repeat","background-position":"center center","background-size":"auto","background-attachment":"scroll","background-type":"","background-media":"","overlay-type":"","overlay-color":"","overlay-opacity":"","overlay-gradient":""},"tablet":{"background-color":"var(--ast-global-color-5)","background-image":"","background-repeat":"repeat","background-position":"center center","background-size":"auto","background-attachment":"scroll","background-type":"","background-media":"","overlay-type":"","overlay-color":"","overlay-opacity":"","overlay-gradient":""},"mobile":{"background-color":"var(--ast-global-color-5)","background-image":"","background-repeat":"repeat","background-position":"center center","background-size":"auto","background-attachment":"scroll","background-type":"","background-media":"","overlay-type":"","overlay-color":"","overlay-opacity":"","overlay-gradient":""}},"footnotes":""},"class_list":["post-59","page","type-page","status-publish","hentry"],"uagb_featured_image_src":{"full":false,"thumbnail":false,"medium":false,"medium_large":false,"large":false,"1536x1536":false,"2048x2048":false},"uagb_author_info":{"display_name":"renoparkiet","author_link":"https:\/\/renoparkiet.pl\/blog\/author\/renoparkiet\/"},"uagb_comment_info":0,"uagb_excerpt":"Skontaktuj si\u0119 Jeste\u015bmy tutaj, aby odpowiedzie\u0107 na Twoje pytania dotycz\u0105ce renowacji pod\u0142\u00f3g. Skontaktuj si\u0119 z nami, a z przyjemno\u015bci\u0105 pomo\u017cemy [&hellip;]","_links":{"self":[{"href":"https:\/\/renoparkiet.pl\/blog\/wp-json\/wp\/v2\/pages\/59","targetHints":{"allow":["GET"]}}],"collection":[{"href":"https:\/\/renoparkiet.pl\/blog\/wp-json\/wp\/v2\/pages"}],"about":[{"href":"https:\/\/renoparkiet.pl\/blog\/wp-json\/wp\/v2\/types\/page"}],"author":[{"embeddable":true,"href":"https:\/\/renoparkiet.pl\/blog\/wp-json\/wp\/v2\/users\/1"}],"replies":[{"embeddable":true,"href":"https:\/\/renoparkiet.pl\/blog\/wp-json\/wp\/v2\/comments?post=59"}],"version-history":[{"count":3,"href":"https:\/\/renoparkiet.pl\/blog\/wp-json\/wp\/v2\/pages\/59\/revisions"}],"predecessor-version":[{"id":540,"href":"https:\/\/renoparkiet.pl\/blog\/wp-json\/wp\/v2\/pages\/59\/revisions\/540"}],"wp:attachment":[{"href":"https:\/\/renoparkiet.pl\/blog\/wp-json\/wp\/v2\/media?parent=59"}],"curies":[{"name":"wp","href":"https:\/\/api.w.org\/{rel}","templated":true}]}}