{"id":58,"date":"2026-03-07T18:24:57","date_gmt":"2026-03-07T17:24:57","guid":{"rendered":"https:\/\/serwer427185.lh.pl\/autoinstalator\/serwer427185.lh.pl\/wordpress154151\/index.php\/services\/"},"modified":"2026-03-07T18:25:08","modified_gmt":"2026-03-07T17:25:08","slug":"services","status":"publish","type":"page","link":"https:\/\/renoparkiet.pl\/blog\/services\/","title":{"rendered":"Services"},"content":{"rendered":"\n<div class=\"wp-block-uagb-container uagb-block-0a85e642 alignfull uagb-is-root-container\"><div class=\"uagb-container-inner-blocks-wrap\">\n<div class=\"wp-block-uagb-advanced-heading uagb-block-b70dfedf\"><h1 class=\"uagb-heading-text\">Us\u0142ugi<\/h1><p class=\"uagb-desc-text\">Oferujemy profesjonalne us\u0142ugi renowacji pod\u0142\u00f3g drewnianych, kt\u00f3re przywracaj\u0105 ich dawny blask. Pracujemy w 100% bezpy\u0142owo, zapewniaj\u0105c czysto\u015b\u0107 i komfort w Twoim domu.<\/p><\/div>\n<\/div><\/div>\n\n\n\n<div class=\"wp-block-uagb-container uagb-block-afd78256 alignfull uagb-is-root-container\"><div class=\"uagb-container-inner-blocks-wrap\">\n<div class=\"wp-block-uagb-container uagb-block-87720f57\">\n<div class=\"wp-block-uagb-container uagb-block-c287ace8\">\n<div class=\"wp-block-uagb-container uagb-block-a448b333\">\n<div class=\"wp-block-uagb-info-box uagb-block-fc7a81e7 uagb-infobox__content-wrap  uagb-infobox-icon-above-title uagb-infobox-image-valign-top\"><div class=\"uagb-ifb-content\"><div class=\"uagb-ifb-title-wrap\"><h2 class=\"uagb-ifb-title\">Renowacja<\/h2><\/div><p class=\"uagb-ifb-desc\">Cyklinowanie bezpy\u0142owe, kt\u00f3re skutecznie odnawia parkiety, przywracaj\u0105c im pierwotny wygl\u0105d bez ba\u0142aganu i k\u0142opot\u00f3w dla klienta.<\/p><\/div><\/div>\n<\/div>\n\n\n\n<div class=\"wp-block-uagb-image alignleft uagb-block-d866d1a7 wp-block-uagb-image--layout-default wp-block-uagb-image--effect-static wp-block-uagb-image--align-left\"><figure class=\"wp-block-uagb-image__figure\"><img decoding=\"async\" srcset=\"https:\/\/serwer427185.lh.pl\/autoinstalator\/serwer427185.lh.pl\/wordpress154151\/wp-content\/uploads\/2026\/03\/pexels-photo-34578255.jpeg ,https:\/\/serwer427185.lh.pl\/autoinstalator\/serwer427185.lh.pl\/wordpress154151\/wp-content\/uploads\/2026\/03\/pexels-photo-34578255.jpeg 780w, https:\/\/serwer427185.lh.pl\/autoinstalator\/serwer427185.lh.pl\/wordpress154151\/wp-content\/uploads\/2026\/03\/pexels-photo-34578255.jpeg 360w\" sizes=\"auto, (max-width: 480px) 150px\" src=\"https:\/\/serwer427185.lh.pl\/autoinstalator\/serwer427185.lh.pl\/wordpress154151\/wp-content\/uploads\/2026\/03\/pexels-photo-34578255.jpeg\" alt=\"View of person wearing flip-flops and white pants standing on a wooden floor.\" class=\"uag-image-13\" width=\"408\" height=\"400\" title=\"Services\" loading=\"lazy\" role=\"img\"><\/figure><\/div>\n\n\n\n<div class=\"wp-block-uagb-container uagb-block-c3c158d5\">\n<div class=\"wp-block-uagb-info-box uagb-block-6e592972 uagb-infobox__content-wrap  uagb-infobox-icon-above-title uagb-infobox-image-valign-top\"><div class=\"uagb-ifb-content\"><div class=\"uagb-ifb-title-wrap\"><h2 class=\"uagb-ifb-title\">Naprawy<\/h2><\/div><p class=\"uagb-ifb-desc\">Specjalistyczne naprawy pod\u0142\u00f3g, w tym uzupe\u0142nianie brakuj\u0105cych klepek oraz eliminacja skutk\u00f3w zalania i wieloletniego u\u017cytkowania.<\/p><\/div><\/div>\n<\/div>\n<\/div>\n\n\n\n<div class=\"wp-block-uagb-container uagb-block-80d674f3\">\n<div class=\"wp-block-uagb-image alignleft uagb-block-3b3352de wp-block-uagb-image--layout-default wp-block-uagb-image--effect-static wp-block-uagb-image--align-left\"><figure class=\"wp-block-uagb-image__figure\"><img decoding=\"async\" srcset=\"https:\/\/serwer427185.lh.pl\/autoinstalator\/serwer427185.lh.pl\/wordpress154151\/wp-content\/uploads\/2026\/03\/pexels-photo-7217760.jpeg ,https:\/\/serwer427185.lh.pl\/autoinstalator\/serwer427185.lh.pl\/wordpress154151\/wp-content\/uploads\/2026\/03\/pexels-photo-7217760.jpeg 780w, https:\/\/serwer427185.lh.pl\/autoinstalator\/serwer427185.lh.pl\/wordpress154151\/wp-content\/uploads\/2026\/03\/pexels-photo-7217760.jpeg 360w\" sizes=\"auto, (max-width: 480px) 150px\" src=\"https:\/\/serwer427185.lh.pl\/autoinstalator\/serwer427185.lh.pl\/wordpress154151\/wp-content\/uploads\/2026\/03\/pexels-photo-7217760.jpeg\" alt=\"Couple rolling up a beige carpet on wooden floor, preparing for moving day.\" class=\"uag-image-14\" width=\"400\" height=\"400\" title=\"Services\" loading=\"lazy\" role=\"img\"><\/figure><\/div>\n\n\n\n<div class=\"wp-block-uagb-container uagb-block-422ad343\">\n<div class=\"wp-block-uagb-info-box uagb-block-f822715e uagb-infobox__content-wrap  uagb-infobox-icon-above-title uagb-infobox-image-valign-top\"><div class=\"uagb-ifb-content\"><div class=\"uagb-ifb-title-wrap\"><h2 class=\"uagb-ifb-title\">Wyko\u0144czenia<\/h2><\/div><p class=\"uagb-ifb-desc\">Lakierowanie i olejowanie parkiet\u00f3w z zastosowaniem topowych produkt\u00f3w, co zapewnia d\u0142ugotrwa\u0142\u0105 ochron\u0119 i estetyk\u0119 drewnianych powierzchni.<\/p><\/div><\/div>\n<\/div>\n\n\n\n<div class=\"wp-block-uagb-image alignleft uagb-block-29edfbaf wp-block-uagb-image--layout-default wp-block-uagb-image--effect-static wp-block-uagb-image--align-left\"><figure class=\"wp-block-uagb-image__figure\"><img decoding=\"async\" srcset=\"https:\/\/serwer427185.lh.pl\/autoinstalator\/serwer427185.lh.pl\/wordpress154151\/wp-content\/uploads\/2026\/03\/pexels-photo-218567.jpeg ,https:\/\/serwer427185.lh.pl\/autoinstalator\/serwer427185.lh.pl\/wordpress154151\/wp-content\/uploads\/2026\/03\/pexels-photo-218567.jpeg 780w, https:\/\/serwer427185.lh.pl\/autoinstalator\/serwer427185.lh.pl\/wordpress154151\/wp-content\/uploads\/2026\/03\/pexels-photo-218567.jpeg 360w\" sizes=\"auto, (max-width: 480px) 150px\" src=\"https:\/\/serwer427185.lh.pl\/autoinstalator\/serwer427185.lh.pl\/wordpress154151\/wp-content\/uploads\/2026\/03\/pexels-photo-218567.jpeg\" alt=\"A stylish and rustic setting featuring vintage chairs on a wooden floor, ideal for interiors and design inspiration.\" class=\"uag-image-15\" width=\"400\" height=\"400\" title=\"Services\" loading=\"lazy\" role=\"img\"><\/figure><\/div>\n<\/div>\n<\/div>\n\n\n\n<div class=\"wp-block-uagb-image aligncenter uagb-block-fcdd3770 wp-block-uagb-image--layout-default wp-block-uagb-image--effect-static wp-block-uagb-image--align-center\"><figure class=\"wp-block-uagb-image__figure\"><img decoding=\"async\" srcset=\"https:\/\/serwer427185.lh.pl\/autoinstalator\/serwer427185.lh.pl\/wordpress154151\/wp-content\/uploads\/2026\/03\/pexels-photo-3935321.jpeg ,https:\/\/serwer427185.lh.pl\/autoinstalator\/serwer427185.lh.pl\/wordpress154151\/wp-content\/uploads\/2026\/03\/pexels-photo-3935321.jpeg 780w, https:\/\/serwer427185.lh.pl\/autoinstalator\/serwer427185.lh.pl\/wordpress154151\/wp-content\/uploads\/2026\/03\/pexels-photo-3935321.jpeg 360w\" sizes=\"auto, (max-width: 480px) 150px\" src=\"https:\/\/serwer427185.lh.pl\/autoinstalator\/serwer427185.lh.pl\/wordpress154151\/wp-content\/uploads\/2026\/03\/pexels-photo-3935321.jpeg\" alt=\"Spacious dining room showcasing wooden furniture, elegant chandelier, and natural light.\" class=\"uag-image-16\" width=\"1200\" height=\"450\" title=\"Services\" loading=\"lazy\" role=\"img\"><\/figure><\/div>\n\n\n\n<div class=\"wp-block-uagb-container uagb-block-ac56fca0\">\n<div class=\"wp-block-uagb-container uagb-block-a6979c15\">\n<div class=\"wp-block-uagb-advanced-heading uagb-block-60e2c359\"><h3 class=\"uagb-heading-text\">Efekty<\/h3><p class=\"uagb-desc-text\">Szczotkowanie drewna dla uzyskania naturalnego wygl\u0105du, co dodatkowo podkre\u015bla pi\u0119kno i struktur\u0119 desek drewnianych.<\/p><\/div>\n\n\n\n<div class=\"wp-block-uagb-image alignleft uagb-block-530be37a wp-block-uagb-image--layout-default wp-block-uagb-image--effect-static wp-block-uagb-image--align-left\"><figure class=\"wp-block-uagb-image__figure\"><img decoding=\"async\" srcset=\"https:\/\/serwer427185.lh.pl\/autoinstalator\/serwer427185.lh.pl\/wordpress154151\/wp-content\/uploads\/2026\/03\/pexels-photo-5691510.jpeg ,https:\/\/serwer427185.lh.pl\/autoinstalator\/serwer427185.lh.pl\/wordpress154151\/wp-content\/uploads\/2026\/03\/pexels-photo-5691510.jpeg 780w, https:\/\/serwer427185.lh.pl\/autoinstalator\/serwer427185.lh.pl\/wordpress154151\/wp-content\/uploads\/2026\/03\/pexels-photo-5691510.jpeg 360w\" sizes=\"auto, (max-width: 480px) 150px\" src=\"https:\/\/serwer427185.lh.pl\/autoinstalator\/serwer427185.lh.pl\/wordpress154151\/wp-content\/uploads\/2026\/03\/pexels-photo-5691510.jpeg\" alt=\"Industrial vacuum cleaner placed on dirty parquet in room with green walls and doorway in spacious apartment during repair works\" class=\"uag-image-17\" width=\"480\" height=\"300\" title=\"Services\" loading=\"lazy\" role=\"img\"><\/figure><\/div>\n<\/div>\n\n\n\n<div class=\"wp-block-uagb-container uagb-block-d2c375ad\">\n<div class=\"wp-block-uagb-advanced-heading uagb-block-0f1a1151\"><h3 class=\"uagb-heading-text\">Dodatki<\/h3><p class=\"uagb-desc-text\">Renowacja schod\u00f3w drewnianych oraz od\u015bwie\u017canie wyk\u0142adzin PCV i linoleum, kt\u00f3re dodaj\u0105 warto\u015bci i estetyki w ka\u017cdym wn\u0119trzu.<\/p><\/div>\n\n\n\n<div class=\"wp-block-uagb-image alignleft uagb-block-0f788ea8 wp-block-uagb-image--layout-default wp-block-uagb-image--effect-static wp-block-uagb-image--align-left\"><figure class=\"wp-block-uagb-image__figure\"><img decoding=\"async\" srcset=\"https:\/\/serwer427185.lh.pl\/autoinstalator\/serwer427185.lh.pl\/wordpress154151\/wp-content\/uploads\/2026\/03\/pexels-photo-4792771.jpeg ,https:\/\/serwer427185.lh.pl\/autoinstalator\/serwer427185.lh.pl\/wordpress154151\/wp-content\/uploads\/2026\/03\/pexels-photo-4792771.jpeg 780w, https:\/\/serwer427185.lh.pl\/autoinstalator\/serwer427185.lh.pl\/wordpress154151\/wp-content\/uploads\/2026\/03\/pexels-photo-4792771.jpeg 360w\" sizes=\"auto, (max-width: 480px) 150px\" src=\"https:\/\/serwer427185.lh.pl\/autoinstalator\/serwer427185.lh.pl\/wordpress154151\/wp-content\/uploads\/2026\/03\/pexels-photo-4792771.jpeg\" alt=\"A vacuum cleaner in use on a wooden floor in a modern home.\" class=\"uag-image-18\" width=\"480\" height=\"300\" title=\"Services\" loading=\"lazy\" role=\"img\"><\/figure><\/div>\n<\/div>\n<\/div>\n<\/div><\/div>\n\n\n\n<div class=\"wp-block-uagb-container uagb-block-4102335a alignfull uagb-is-root-container\"><div class=\"uagb-container-inner-blocks-wrap\">\n<div class=\"wp-block-uagb-advanced-heading uagb-block-c5a52038\"><h2 class=\"uagb-heading-text\">Nie czekaj na pi\u0119kne pod\u0142ogi!<\/h2><\/div>\n\n\n\n<div class=\"wp-block-uagb-info-box uagb-block-027539ea uagb-infobox__content-wrap  uagb-infobox-icon-above-title uagb-infobox-image-valign-top\"><div class=\"uagb-ifb-content\"><div class=\"uagb-ifb-title-wrap\"><\/div><p class=\"uagb-ifb-desc\">Skontaktuj si\u0119 z nami dzisiaj i odkryj, jak mo\u017cemy przywr\u00f3ci\u0107 \u017cycie Twoim parkietom.<\/p><div class=\"uagb-ifb-button-wrapper wp-block-button\"><a href=\"\/contact\/\" class=\"uagb-infobox-cta-link wp-block-button__link\" target=\"_self\" rel=\"noopener noreferrer\" onclick=\"return true;\" alt=\"\"><span class=\"uagb-inline-editing\">Skontaktuj si\u0119 z nami<\/span><\/a><\/div><\/div><\/div>\n<\/div><\/div>\n","protected":false},"excerpt":{"rendered":"<p>Us\u0142ugi Oferujemy profesjonalne us\u0142ugi renowacji pod\u0142\u00f3g drewnianych, kt\u00f3re przywracaj\u0105 ich dawny blask. Pracujemy w 100% bezpy\u0142owo, zapewniaj\u0105c czysto\u015b\u0107 i komfort [&hellip;]<\/p>\n","protected":false},"author":1,"featured_media":0,"parent":0,"menu_order":0,"comment_status":"closed","ping_status":"closed","template":"","meta":{"_uag_custom_page_level_css":"","site-sidebar-layout":"default","site-content-layout":"","ast-site-content-layout":"default","site-content-style":"default","site-sidebar-style":"default","ast-global-header-display":"","ast-banner-title-visibility":"","ast-main-header-display":"","ast-hfb-above-header-display":"","ast-hfb-below-header-display":"","ast-hfb-mobile-header-display":"","site-post-title":"disabled","ast-breadcrumbs-content":"","ast-featured-img":"","footer-sml-layout":"","ast-disable-related-posts":"","theme-transparent-header-meta":"enabled","adv-header-id-meta":"","stick-header-meta":"","header-above-stick-meta":"","header-main-stick-meta":"","header-below-stick-meta":"","astra-migrate-meta-layouts":"default","ast-page-background-enabled":"default","ast-page-background-meta":{"desktop":{"background-color":"var(--ast-global-color-4)","background-image":"","background-repeat":"repeat","background-position":"center center","background-size":"auto","background-attachment":"scroll","background-type":"","background-media":"","overlay-type":"","overlay-color":"","overlay-opacity":"","overlay-gradient":""},"tablet":{"background-color":"","background-image":"","background-repeat":"repeat","background-position":"center center","background-size":"auto","background-attachment":"scroll","background-type":"","background-media":"","overlay-type":"","overlay-color":"","overlay-opacity":"","overlay-gradient":""},"mobile":{"background-color":"","background-image":"","background-repeat":"repeat","background-position":"center center","background-size":"auto","background-attachment":"scroll","background-type":"","background-media":"","overlay-type":"","overlay-color":"","overlay-opacity":"","overlay-gradient":""}},"ast-content-background-meta":{"desktop":{"background-color":"var(--ast-global-color-5)","background-image":"","background-repeat":"repeat","background-position":"center center","background-size":"auto","background-attachment":"scroll","background-type":"","background-media":"","overlay-type":"","overlay-color":"","overlay-opacity":"","overlay-gradient":""},"tablet":{"background-color":"var(--ast-global-color-5)","background-image":"","background-repeat":"repeat","background-position":"center center","background-size":"auto","background-attachment":"scroll","background-type":"","background-media":"","overlay-type":"","overlay-color":"","overlay-opacity":"","overlay-gradient":""},"mobile":{"background-color":"var(--ast-global-color-5)","background-image":"","background-repeat":"repeat","background-position":"center center","background-size":"auto","background-attachment":"scroll","background-type":"","background-media":"","overlay-type":"","overlay-color":"","overlay-opacity":"","overlay-gradient":""}},"footnotes":""},"class_list":["post-58","page","type-page","status-publish","hentry"],"uagb_featured_image_src":{"full":false,"thumbnail":false,"medium":false,"medium_large":false,"large":false,"1536x1536":false,"2048x2048":false},"uagb_author_info":{"display_name":"renoparkiet","author_link":"https:\/\/renoparkiet.pl\/blog\/author\/renoparkiet\/"},"uagb_comment_info":0,"uagb_excerpt":"Us\u0142ugi Oferujemy profesjonalne us\u0142ugi renowacji pod\u0142\u00f3g drewnianych, kt\u00f3re przywracaj\u0105 ich dawny blask. Pracujemy w 100% bezpy\u0142owo, zapewniaj\u0105c czysto\u015b\u0107 i komfort [&hellip;]","_links":{"self":[{"href":"https:\/\/renoparkiet.pl\/blog\/wp-json\/wp\/v2\/pages\/58","targetHints":{"allow":["GET"]}}],"collection":[{"href":"https:\/\/renoparkiet.pl\/blog\/wp-json\/wp\/v2\/pages"}],"about":[{"href":"https:\/\/renoparkiet.pl\/blog\/wp-json\/wp\/v2\/types\/page"}],"author":[{"embeddable":true,"href":"https:\/\/renoparkiet.pl\/blog\/wp-json\/wp\/v2\/users\/1"}],"replies":[{"embeddable":true,"href":"https:\/\/renoparkiet.pl\/blog\/wp-json\/wp\/v2\/comments?post=58"}],"version-history":[{"count":3,"href":"https:\/\/renoparkiet.pl\/blog\/wp-json\/wp\/v2\/pages\/58\/revisions"}],"predecessor-version":[{"id":541,"href":"https:\/\/renoparkiet.pl\/blog\/wp-json\/wp\/v2\/pages\/58\/revisions\/541"}],"wp:attachment":[{"href":"https:\/\/renoparkiet.pl\/blog\/wp-json\/wp\/v2\/media?parent=58"}],"curies":[{"name":"wp","href":"https:\/\/api.w.org\/{rel}","templated":true}]}}