{"id":57,"date":"2026-03-07T18:24:57","date_gmt":"2026-03-07T17:24:57","guid":{"rendered":"https:\/\/serwer427185.lh.pl\/autoinstalator\/serwer427185.lh.pl\/wordpress154151\/index.php\/about\/"},"modified":"2026-03-07T18:25:09","modified_gmt":"2026-03-07T17:25:09","slug":"about","status":"publish","type":"page","link":"https:\/\/renoparkiet.pl\/blog\/about\/","title":{"rendered":"About"},"content":{"rendered":"\n<div class=\"wp-block-uagb-container uagb-block-0a85e642 alignfull uagb-is-root-container\"><div class=\"uagb-container-inner-blocks-wrap\">\n<div class=\"wp-block-uagb-advanced-heading uagb-block-b70dfedf\"><h1 class=\"uagb-heading-text\">O NAS<\/h1><p class=\"uagb-desc-text\">Renoparkiet to marka stworzona przez Tomasza Dzieciniaka, kt\u00f3ry z pasj\u0105 ratuje parkiety oferuj\u0105c bezpy\u0142ow\u0105 renowacj\u0119 oraz wysok\u0105 jako\u015b\u0107 us\u0142ug.<\/p><\/div>\n<\/div><\/div>\n\n\n\n<div class=\"wp-block-uagb-container uagb-block-7ba1e3af alignfull uagb-is-root-container\"><div class=\"uagb-container-inner-blocks-wrap\">\n<div class=\"wp-block-uagb-container uagb-block-52e43130\">\n<div class=\"wp-block-uagb-image alignleft uagb-block-3cc8ae84 wp-block-uagb-image--layout-default wp-block-uagb-image--effect-static wp-block-uagb-image--align-left\"><figure class=\"wp-block-uagb-image__figure\"><img decoding=\"async\" srcset=\"https:\/\/serwer427185.lh.pl\/autoinstalator\/serwer427185.lh.pl\/wordpress154151\/wp-content\/uploads\/2026\/03\/pexels-photo-218535.jpeg ,https:\/\/serwer427185.lh.pl\/autoinstalator\/serwer427185.lh.pl\/wordpress154151\/wp-content\/uploads\/2026\/03\/pexels-photo-218535.jpeg 780w, https:\/\/serwer427185.lh.pl\/autoinstalator\/serwer427185.lh.pl\/wordpress154151\/wp-content\/uploads\/2026\/03\/pexels-photo-218535.jpeg 360w\" sizes=\"auto, (max-width: 480px) 150px\" src=\"https:\/\/serwer427185.lh.pl\/autoinstalator\/serwer427185.lh.pl\/wordpress154151\/wp-content\/uploads\/2026\/03\/pexels-photo-218535.jpeg\" alt=\"Detailed image of rustic wooden flooring with visible wood grain texture.\" class=\"uag-image-19\" width=\"272\" height=\"426\" title=\"About\" loading=\"lazy\" role=\"img\"><\/figure><\/div>\n\n\n\n<div class=\"wp-block-uagb-image alignleft uagb-block-873a09ab wp-block-uagb-image--layout-default wp-block-uagb-image--effect-static wp-block-uagb-image--align-left\"><figure class=\"wp-block-uagb-image__figure\"><img decoding=\"async\" srcset=\"https:\/\/serwer427185.lh.pl\/autoinstalator\/serwer427185.lh.pl\/wordpress154151\/wp-content\/uploads\/2026\/03\/pexels-photo-368754.jpeg ,https:\/\/serwer427185.lh.pl\/autoinstalator\/serwer427185.lh.pl\/wordpress154151\/wp-content\/uploads\/2026\/03\/pexels-photo-368754.jpeg 780w, https:\/\/serwer427185.lh.pl\/autoinstalator\/serwer427185.lh.pl\/wordpress154151\/wp-content\/uploads\/2026\/03\/pexels-photo-368754.jpeg 360w\" sizes=\"auto, (max-width: 480px) 150px\" src=\"https:\/\/serwer427185.lh.pl\/autoinstalator\/serwer427185.lh.pl\/wordpress154151\/wp-content\/uploads\/2026\/03\/pexels-photo-368754.jpeg\" alt=\"Smooth light brown wooden flooring with natural texture and patterns.\" class=\"uag-image-20\" width=\"334\" height=\"493\" title=\"About\" loading=\"lazy\" role=\"img\"><\/figure><\/div>\n<\/div>\n\n\n\n<div class=\"wp-block-uagb-container uagb-block-e5d05aa0\">\n<div class=\"wp-block-uagb-info-box uagb-block-d74629dd uagb-infobox__content-wrap  uagb-infobox-icon-above-title uagb-infobox-image-valign-top\"><div class=\"uagb-ifb-content\"><div class=\"uagb-ifb-title-wrap\"><span class=\"uagb-ifb-title-prefix\">Poznaj nas bli\u017cej<\/span><h2 class=\"uagb-ifb-title\">Eksperci w renowacji pod\u0142\u00f3g drewnianych<\/h2><\/div><\/div><\/div>\n\n\n\n<div class=\"wp-block-uagb-advanced-heading uagb-block-76ddc5c0\"><div class=\"uagb-heading-text\">Zajmujemy si\u0119 renowacj\u0105 pod\u0142\u00f3g drewnianych, przywracaj\u0105c im dawny blask.<\/div><p class=\"uagb-desc-text\">Nasza firma, Renoparkiet, specjalizuje si\u0119 w bezpy\u0142owej renowacji parkiet\u00f3w, wype\u0142nianiu szczelin oraz lakierowaniu. Oferujemy efektywne i estetyczne rozwi\u0105zania dla os\u00f3b poszukuj\u0105cych kompleksowej obs\u0142ugi.<\/p><\/div>\n<\/div>\n<\/div><\/div>\n\n\n\n<div class=\"wp-block-uagb-container uagb-block-88aadb2d alignfull uagb-is-root-container\"><div class=\"uagb-container-inner-blocks-wrap\">\n<div class=\"wp-block-uagb-container uagb-block-8495ef81\">\n<div class=\"wp-block-uagb-advanced-heading uagb-block-40e66681\"><h3 class=\"uagb-heading-text\">Nasza Misja<\/h3><p class=\"uagb-desc-text\">Przywracanie urok\u00f3w drewnianych pod\u0142\u00f3g z dba\u0142o\u015bci\u0105 o czysto\u015b\u0107 i detale to nasza misja.<\/p><\/div>\n\n\n\n<div class=\"wp-block-uagb-advanced-heading uagb-block-fd190eea\"><h3 class=\"uagb-heading-text\">Nasze Warto\u015bci<\/h3><p class=\"uagb-desc-text\">K\u0142adziemy nacisk na jako\u015b\u0107, rzemios\u0142o oraz zr\u00f3wnowa\u017cony rozw\u00f3j, wykorzystuj\u0105c ekologiczne materia\u0142y w ka\u017cdym projekcie.<\/p><\/div>\n<\/div>\n\n\n\n<div class=\"wp-block-uagb-image aligncenter uagb-block-5502b574 wp-block-uagb-image--layout-default wp-block-uagb-image--effect-static wp-block-uagb-image--align-center\"><figure class=\"wp-block-uagb-image__figure\"><img decoding=\"async\" srcset=\"https:\/\/serwer427185.lh.pl\/autoinstalator\/serwer427185.lh.pl\/wordpress154151\/wp-content\/uploads\/2026\/03\/pexels-photo-4792534.jpeg ,https:\/\/serwer427185.lh.pl\/autoinstalator\/serwer427185.lh.pl\/wordpress154151\/wp-content\/uploads\/2026\/03\/pexels-photo-4792534.jpeg 780w, https:\/\/serwer427185.lh.pl\/autoinstalator\/serwer427185.lh.pl\/wordpress154151\/wp-content\/uploads\/2026\/03\/pexels-photo-4792534.jpeg 360w\" sizes=\"auto, (max-width: 480px) 150px\" src=\"https:\/\/serwer427185.lh.pl\/autoinstalator\/serwer427185.lh.pl\/wordpress154151\/wp-content\/uploads\/2026\/03\/pexels-photo-4792534.jpeg\" alt=\"Crop anonymous male sitting with crossed legs on parquet near professional paint brush in house during renovation process\" class=\"uag-image-21\" width=\"1200\" height=\"500\" title=\"About\" loading=\"lazy\" role=\"img\"><\/figure><\/div>\n<\/div><\/div>\n\n\n\n<div class=\"wp-block-uagb-container uagb-block-2f670d16 alignfull uagb-is-root-container\"><div class=\"uagb-container-inner-blocks-wrap\">\n<div class=\"wp-block-uagb-container uagb-block-adfe7623\">\n<div class=\"wp-block-uagb-advanced-heading uagb-block-4322caae\"><h2 class=\"uagb-heading-text\">Nasze Osi\u0105gni\u0119cia<\/h2><p class=\"uagb-desc-text\">Zrealizowane projekty i zadowoleni klienci \u015bwiadcz\u0105 o wysokiej jako\u015bci naszych us\u0142ug w obszarze renowacji pod\u0142\u00f3g.<\/p><\/div>\n<\/div>\n\n\n\n<div class=\"wp-block-uagb-container uagb-block-f12e3e79\">\n<div class=\"wp-block-uagb-container uagb-block-a9de453c\">\n<div class=\"wp-block-uagb-counter uagb-block-b8faf51e wp-block-uagb-counter--number\"><div class=\"wp-block-uagb-counter__number\"><span class=\"uagb-counter-block-number\" data-duration=\"1.5\" data-to-value=\"10\" data-from-value=\"0\" data-delimiter=\",\"><\/span><span class=\"uagb-counter-block-suffix\">+<\/span><\/div><div class=\"wp-block-uagb-counter__title\">Lata do\u015bwiadczenia<\/div><\/div>\n<\/div>\n\n\n\n<div class=\"wp-block-uagb-container uagb-block-8725b35a\">\n<div class=\"wp-block-uagb-counter uagb-block-3218cf1a wp-block-uagb-counter--number\"><div class=\"wp-block-uagb-counter__number\"><span class=\"uagb-counter-block-number\" data-duration=\"1.5\" data-to-value=\"150\" data-from-value=\"0\" data-delimiter=\",\"><\/span><span class=\"uagb-counter-block-suffix\">+<\/span><\/div><div class=\"wp-block-uagb-counter__title\">Zadowoleni klienci<\/div><\/div>\n<\/div>\n\n\n\n<div class=\"wp-block-uagb-container uagb-block-52a4be26\">\n<div class=\"wp-block-uagb-counter uagb-block-5b99df08 wp-block-uagb-counter--number\"><div class=\"wp-block-uagb-counter__number\"><span class=\"uagb-counter-block-number\" data-duration=\"1.5\" data-to-value=\"20\" data-from-value=\"0\" data-delimiter=\",\"><\/span><span class=\"uagb-counter-block-suffix\">+<\/span><\/div><div class=\"wp-block-uagb-counter__title\">Liczba pracownik\u00f3w<\/div><\/div>\n<\/div>\n\n\n\n<div class=\"wp-block-uagb-container uagb-block-88b20bbb\">\n<div class=\"wp-block-uagb-counter uagb-block-472373ca wp-block-uagb-counter--number\"><div class=\"wp-block-uagb-counter__number\"><span class=\"uagb-counter-block-number\" data-duration=\"1.5\" data-to-value=\"5\" data-from-value=\"0\" data-delimiter=\",\"><\/span><span class=\"uagb-counter-block-suffix\">+<\/span><\/div><div class=\"wp-block-uagb-counter__title\">Zdobyte nagrody<\/div><\/div>\n<\/div>\n<\/div>\n<\/div><\/div>\n\n\n\n<div class=\"wp-block-uagb-container uagb-block-b8a53f08 alignfull uagb-is-root-container\"><div class=\"uagb-container-inner-blocks-wrap\">\n<div class=\"wp-block-uagb-container uagb-block-5dc56af3\">\n<div class=\"wp-block-uagb-info-box uagb-block-2ad5b309 uagb-infobox__content-wrap  uagb-infobox-icon-above-title uagb-infobox-image-valign-top\"><div class=\"uagb-ifb-content\"><div class=\"uagb-ifb-title-wrap\"><span class=\"uagb-ifb-title-prefix\">Nasz zesp\u00f3\u0142<\/span><h2 class=\"uagb-ifb-title\">Pasjonaci drewna<\/h2><\/div><\/div><\/div>\n\n\n\n<div class=\"wp-block-uagb-advanced-heading uagb-block-d6542631\"><p class=\"uagb-desc-text\">Nasz zesp\u00f3\u0142 specjalist\u00f3w z do\u015bwiadczeniem i umiej\u0119tno\u015bciami dba o ka\u017cdy szczeg\u00f3\u0142, zapewniaj\u0105c najwy\u017csz\u0105 jako\u015b\u0107 us\u0142ug renowacyjnych.<\/p><\/div>\n<\/div>\n\n\n\n<div class=\"wp-block-uagb-container uagb-block-ec3849a4\">\n<div class=\"wp-block-uagb-container uagb-block-376d1a56\">\n<div class=\"wp-block-uagb-image alignleft uagb-block-8e4b8c55 wp-block-uagb-image--layout-default wp-block-uagb-image--effect-static wp-block-uagb-image--align-left\"><figure class=\"wp-block-uagb-image__figure\"><img decoding=\"async\" srcset=\"https:\/\/serwer427185.lh.pl\/autoinstalator\/serwer427185.lh.pl\/wordpress154151\/wp-content\/uploads\/2024\/04\/team-skip-12.jpg ,https:\/\/serwer427185.lh.pl\/autoinstalator\/serwer427185.lh.pl\/wordpress154151\/wp-content\/uploads\/2024\/04\/team-skip-12.jpg 780w, https:\/\/serwer427185.lh.pl\/autoinstalator\/serwer427185.lh.pl\/wordpress154151\/wp-content\/uploads\/2024\/04\/team-skip-12.jpg 360w\" sizes=\"auto, (max-width: 480px) 150px\" src=\"https:\/\/serwer427185.lh.pl\/autoinstalator\/serwer427185.lh.pl\/wordpress154151\/wp-content\/uploads\/2024\/04\/team-skip-12.jpg\" alt=\"Team Skip 12\" class=\"uag-image-487\" width=\"270\" height=\"300\" title=\"team-skip-12\" loading=\"lazy\" role=\"img\"><\/figure><\/div>\n\n\n\n<div class=\"wp-block-uagb-advanced-heading uagb-block-a606ac72\"><div class=\"uagb-heading-text\">James Anderson<\/div><p class=\"uagb-desc-text\">Architekt<\/p><\/div>\n<\/div>\n\n\n\n<div class=\"wp-block-uagb-container uagb-block-e7f2e967\">\n<div class=\"wp-block-uagb-image alignleft uagb-block-c9309f8d wp-block-uagb-image--layout-default wp-block-uagb-image--effect-static wp-block-uagb-image--align-left\"><figure class=\"wp-block-uagb-image__figure\"><img decoding=\"async\" srcset=\"https:\/\/serwer427185.lh.pl\/autoinstalator\/serwer427185.lh.pl\/wordpress154151\/wp-content\/uploads\/2024\/04\/team-skip-19.jpg ,https:\/\/serwer427185.lh.pl\/autoinstalator\/serwer427185.lh.pl\/wordpress154151\/wp-content\/uploads\/2024\/04\/team-skip-19.jpg 780w, https:\/\/serwer427185.lh.pl\/autoinstalator\/serwer427185.lh.pl\/wordpress154151\/wp-content\/uploads\/2024\/04\/team-skip-19.jpg 360w\" sizes=\"auto, (max-width: 480px) 150px\" src=\"https:\/\/serwer427185.lh.pl\/autoinstalator\/serwer427185.lh.pl\/wordpress154151\/wp-content\/uploads\/2024\/04\/team-skip-19.jpg\" alt=\"Team Skip 19\" class=\"uag-image-489\" width=\"270\" height=\"300\" title=\"team-skip-19\" loading=\"lazy\" role=\"img\"><\/figure><\/div>\n\n\n\n<div class=\"wp-block-uagb-advanced-heading uagb-block-8fd252f1\"><div class=\"uagb-heading-text\">Sone Barker<\/div><p class=\"uagb-desc-text\">Architekt<\/p><\/div>\n<\/div>\n\n\n\n<div class=\"wp-block-uagb-container uagb-block-5de0f59f\">\n<div class=\"wp-block-uagb-image alignleft uagb-block-c59741a9 wp-block-uagb-image--layout-default wp-block-uagb-image--effect-static wp-block-uagb-image--align-left\"><figure class=\"wp-block-uagb-image__figure\"><img decoding=\"async\" srcset=\"https:\/\/serwer427185.lh.pl\/autoinstalator\/serwer427185.lh.pl\/wordpress154151\/wp-content\/uploads\/2024\/04\/team-skip-03.jpg ,https:\/\/serwer427185.lh.pl\/autoinstalator\/serwer427185.lh.pl\/wordpress154151\/wp-content\/uploads\/2024\/04\/team-skip-03.jpg 780w, https:\/\/serwer427185.lh.pl\/autoinstalator\/serwer427185.lh.pl\/wordpress154151\/wp-content\/uploads\/2024\/04\/team-skip-03.jpg 360w\" sizes=\"auto, (max-width: 480px) 150px\" src=\"https:\/\/serwer427185.lh.pl\/autoinstalator\/serwer427185.lh.pl\/wordpress154151\/wp-content\/uploads\/2024\/04\/team-skip-03.jpg\" alt=\"Team Skip 03\" class=\"uag-image-490\" width=\"270\" height=\"300\" title=\"team-skip-03\" loading=\"lazy\" role=\"img\"><\/figure><\/div>\n\n\n\n<div class=\"wp-block-uagb-advanced-heading uagb-block-91d2620e\"><div class=\"uagb-heading-text\">Mile Barnes<\/div><p class=\"uagb-desc-text\">Architekt<\/p><\/div>\n<\/div>\n\n\n\n<div class=\"wp-block-uagb-container uagb-block-3bac0044\">\n<div class=\"wp-block-uagb-image alignleft uagb-block-42149add wp-block-uagb-image--layout-default wp-block-uagb-image--effect-static wp-block-uagb-image--align-left\"><figure class=\"wp-block-uagb-image__figure\"><img decoding=\"async\" srcset=\"https:\/\/serwer427185.lh.pl\/autoinstalator\/serwer427185.lh.pl\/wordpress154151\/wp-content\/uploads\/2024\/04\/team-skip-08.jpg ,https:\/\/serwer427185.lh.pl\/autoinstalator\/serwer427185.lh.pl\/wordpress154151\/wp-content\/uploads\/2024\/04\/team-skip-08.jpg 780w, https:\/\/serwer427185.lh.pl\/autoinstalator\/serwer427185.lh.pl\/wordpress154151\/wp-content\/uploads\/2024\/04\/team-skip-08.jpg 360w\" sizes=\"auto, (max-width: 480px) 150px\" src=\"https:\/\/serwer427185.lh.pl\/autoinstalator\/serwer427185.lh.pl\/wordpress154151\/wp-content\/uploads\/2024\/04\/team-skip-08.jpg\" alt=\"Team Skip 08\" class=\"uag-image-491\" width=\"270\" height=\"300\" title=\"team-skip-08\" loading=\"lazy\" role=\"img\"><\/figure><\/div>\n\n\n\n<div class=\"wp-block-uagb-advanced-heading uagb-block-706b6786\"><div class=\"uagb-heading-text\">Chris Davies<\/div><p class=\"uagb-desc-text\">Architekt<\/p><\/div>\n<\/div>\n<\/div>\n<\/div><\/div>\n\n\n\n<div class=\"wp-block-uagb-container uagb-block-4102335a alignfull uagb-is-root-container\"><div class=\"uagb-container-inner-blocks-wrap\">\n<div class=\"wp-block-uagb-advanced-heading uagb-block-c5a52038\"><h2 class=\"uagb-heading-text\">Nie czekaj na pi\u0119kne pod\u0142ogi!<\/h2><\/div>\n\n\n\n<div class=\"wp-block-uagb-info-box uagb-block-027539ea uagb-infobox__content-wrap  uagb-infobox-icon-above-title uagb-infobox-image-valign-top\"><div class=\"uagb-ifb-content\"><div class=\"uagb-ifb-title-wrap\"><\/div><p class=\"uagb-ifb-desc\">Skontaktuj si\u0119 z nami dzisiaj i odkryj, jak mo\u017cemy przywr\u00f3ci\u0107 \u017cycie Twoim parkietom.<\/p><div class=\"uagb-ifb-button-wrapper wp-block-button\"><a href=\"\/contact\/\" class=\"uagb-infobox-cta-link wp-block-button__link\" target=\"_self\" rel=\"noopener noreferrer\" onclick=\"return true;\" alt=\"\"><span class=\"uagb-inline-editing\">Skontaktuj si\u0119 z nami<\/span><\/a><\/div><\/div><\/div>\n<\/div><\/div>\n","protected":false},"excerpt":{"rendered":"<p>O NAS Renoparkiet to marka stworzona przez Tomasza Dzieciniaka, kt\u00f3ry z pasj\u0105 ratuje parkiety oferuj\u0105c bezpy\u0142ow\u0105 renowacj\u0119 oraz wysok\u0105 jako\u015b\u0107 [&hellip;]<\/p>\n","protected":false},"author":1,"featured_media":0,"parent":0,"menu_order":0,"comment_status":"closed","ping_status":"closed","template":"","meta":{"_uag_custom_page_level_css":"","site-sidebar-layout":"default","site-content-layout":"","ast-site-content-layout":"default","site-content-style":"default","site-sidebar-style":"default","ast-global-header-display":"","ast-banner-title-visibility":"","ast-main-header-display":"","ast-hfb-above-header-display":"","ast-hfb-below-header-display":"","ast-hfb-mobile-header-display":"","site-post-title":"disabled","ast-breadcrumbs-content":"","ast-featured-img":"","footer-sml-layout":"","ast-disable-related-posts":"","theme-transparent-header-meta":"enabled","adv-header-id-meta":"","stick-header-meta":"","header-above-stick-meta":"","header-main-stick-meta":"","header-below-stick-meta":"","astra-migrate-meta-layouts":"default","ast-page-background-enabled":"default","ast-page-background-meta":{"desktop":{"background-color":"var(--ast-global-color-4)","background-image":"","background-repeat":"repeat","background-position":"center center","background-size":"auto","background-attachment":"scroll","background-type":"","background-media":"","overlay-type":"","overlay-color":"","overlay-opacity":"","overlay-gradient":""},"tablet":{"background-color":"","background-image":"","background-repeat":"repeat","background-position":"center center","background-size":"auto","background-attachment":"scroll","background-type":"","background-media":"","overlay-type":"","overlay-color":"","overlay-opacity":"","overlay-gradient":""},"mobile":{"background-color":"","background-image":"","background-repeat":"repeat","background-position":"center center","background-size":"auto","background-attachment":"scroll","background-type":"","background-media":"","overlay-type":"","overlay-color":"","overlay-opacity":"","overlay-gradient":""}},"ast-content-background-meta":{"desktop":{"background-color":"var(--ast-global-color-5)","background-image":"","background-repeat":"repeat","background-position":"center center","background-size":"auto","background-attachment":"scroll","background-type":"","background-media":"","overlay-type":"","overlay-color":"","overlay-opacity":"","overlay-gradient":""},"tablet":{"background-color":"var(--ast-global-color-5)","background-image":"","background-repeat":"repeat","background-position":"center center","background-size":"auto","background-attachment":"scroll","background-type":"","background-media":"","overlay-type":"","overlay-color":"","overlay-opacity":"","overlay-gradient":""},"mobile":{"background-color":"var(--ast-global-color-5)","background-image":"","background-repeat":"repeat","background-position":"center center","background-size":"auto","background-attachment":"scroll","background-type":"","background-media":"","overlay-type":"","overlay-color":"","overlay-opacity":"","overlay-gradient":""}},"footnotes":""},"class_list":["post-57","page","type-page","status-publish","hentry"],"uagb_featured_image_src":{"full":false,"thumbnail":false,"medium":false,"medium_large":false,"large":false,"1536x1536":false,"2048x2048":false},"uagb_author_info":{"display_name":"renoparkiet","author_link":"https:\/\/renoparkiet.pl\/blog\/author\/renoparkiet\/"},"uagb_comment_info":0,"uagb_excerpt":"O NAS Renoparkiet to marka stworzona przez Tomasza Dzieciniaka, kt\u00f3ry z pasj\u0105 ratuje parkiety oferuj\u0105c bezpy\u0142ow\u0105 renowacj\u0119 oraz wysok\u0105 jako\u015b\u0107 [&hellip;]","_links":{"self":[{"href":"https:\/\/renoparkiet.pl\/blog\/wp-json\/wp\/v2\/pages\/57","targetHints":{"allow":["GET"]}}],"collection":[{"href":"https:\/\/renoparkiet.pl\/blog\/wp-json\/wp\/v2\/pages"}],"about":[{"href":"https:\/\/renoparkiet.pl\/blog\/wp-json\/wp\/v2\/types\/page"}],"author":[{"embeddable":true,"href":"https:\/\/renoparkiet.pl\/blog\/wp-json\/wp\/v2\/users\/1"}],"replies":[{"embeddable":true,"href":"https:\/\/renoparkiet.pl\/blog\/wp-json\/wp\/v2\/comments?post=57"}],"version-history":[{"count":3,"href":"https:\/\/renoparkiet.pl\/blog\/wp-json\/wp\/v2\/pages\/57\/revisions"}],"predecessor-version":[{"id":542,"href":"https:\/\/renoparkiet.pl\/blog\/wp-json\/wp\/v2\/pages\/57\/revisions\/542"}],"wp:attachment":[{"href":"https:\/\/renoparkiet.pl\/blog\/wp-json\/wp\/v2\/media?parent=57"}],"curies":[{"name":"wp","href":"https:\/\/api.w.org\/{rel}","templated":true}]}}